{"id":257,"date":"2021-09-16T11:47:23","date_gmt":"2021-09-16T09:47:23","guid":{"rendered":"http:\/\/rmmwlxggza.cyon.link\/?page_id=257"},"modified":"2021-11-25T16:52:32","modified_gmt":"2021-11-25T15:52:32","slug":"ueber-uns","status":"publish","type":"page","link":"https:\/\/schreinereiduss.ch\/index.php\/ueber-uns\/","title":{"rendered":"\u00dcber uns"},"content":{"rendered":"\t\t<div data-elementor-type=\"wp-page\" data-elementor-id=\"257\" class=\"elementor elementor-257\" data-elementor-post-type=\"page\">\n\t\t\t\t\t\t<section class=\"has_eae_slider elementor-section elementor-top-section elementor-element elementor-element-49462ae0 elementor-section-content-middle elementor-section-height-min-height elementor-section-boxed elementor-section-height-default elementor-section-items-middle\" data-eae-slider=\"43454\" data-id=\"49462ae0\" data-element_type=\"section\" data-e-type=\"section\" data-settings=\"{&quot;background_background&quot;:&quot;classic&quot;}\">\n\t\t\t\t\t\t\t<div class=\"elementor-background-overlay\"><\/div>\n\t\t\t\t\t\t\t<div class=\"elementor-container elementor-column-gap-default\">\n\t\t\t\t\t<div class=\"has_eae_slider elementor-column elementor-col-50 elementor-top-column elementor-element elementor-element-5e26a993 elementor-hidden-tablet elementor-hidden-mobile elementor-invisible\" data-eae-slider=\"34180\" data-id=\"5e26a993\" data-element_type=\"column\" data-e-type=\"column\" data-settings=\"{&quot;animation&quot;:&quot;fadeInDown&quot;}\">\n\t\t\t<div class=\"elementor-widget-wrap elementor-element-populated\">\n\t\t\t\t\t\t<div class=\"elementor-element elementor-element-224a271 elementor-widget elementor-widget-heading\" data-id=\"224a271\" data-element_type=\"widget\" data-e-type=\"widget\" data-widget_type=\"heading.default\">\n\t\t\t\t<div class=\"elementor-widget-container\">\n\t\t\t\t\t<h5 class=\"elementor-heading-title elementor-size-default\">Das sind wir!<\/h5>\t\t\t\t<\/div>\n\t\t\t\t<\/div>\n\t\t\t\t<div class=\"elementor-element elementor-element-84e4fc8 elementor-widget elementor-widget-heading\" data-id=\"84e4fc8\" data-element_type=\"widget\" data-e-type=\"widget\" data-widget_type=\"heading.default\">\n\t\t\t\t<div class=\"elementor-widget-container\">\n\t\t\t\t\t<h1 class=\"elementor-heading-title elementor-size-default\">\u00dcber uns<\/h1>\t\t\t\t<\/div>\n\t\t\t\t<\/div>\n\t\t\t\t\t<\/div>\n\t\t<\/div>\n\t\t\t\t<div class=\"has_eae_slider elementor-column elementor-col-50 elementor-top-column elementor-element elementor-element-7d96f10 elementor-hidden-desktop elementor-invisible\" data-eae-slider=\"81161\" data-id=\"7d96f10\" data-element_type=\"column\" data-e-type=\"column\" data-settings=\"{&quot;animation&quot;:&quot;fadeInDown&quot;}\">\n\t\t\t<div class=\"elementor-widget-wrap elementor-element-populated\">\n\t\t\t\t\t\t<div class=\"elementor-element elementor-element-117b87d elementor-widget elementor-widget-heading\" data-id=\"117b87d\" data-element_type=\"widget\" data-e-type=\"widget\" data-widget_type=\"heading.default\">\n\t\t\t\t<div class=\"elementor-widget-container\">\n\t\t\t\t\t<h5 class=\"elementor-heading-title elementor-size-default\">Das sind wir!<\/h5>\t\t\t\t<\/div>\n\t\t\t\t<\/div>\n\t\t\t\t<div class=\"elementor-element elementor-element-1dffd2e elementor-widget elementor-widget-heading\" data-id=\"1dffd2e\" data-element_type=\"widget\" data-e-type=\"widget\" data-widget_type=\"heading.default\">\n\t\t\t\t<div class=\"elementor-widget-container\">\n\t\t\t\t\t<h1 class=\"elementor-heading-title elementor-size-default\">\u00dcber uns<\/h1>\t\t\t\t<\/div>\n\t\t\t\t<\/div>\n\t\t\t\t\t<\/div>\n\t\t<\/div>\n\t\t\t\t\t<\/div>\n\t\t<\/section>\n\t\t\t\t<section class=\"has_eae_slider elementor-section elementor-top-section elementor-element elementor-element-e84e466 elementor-section-boxed elementor-section-height-default elementor-section-height-default\" data-eae-slider=\"50041\" data-id=\"e84e466\" data-element_type=\"section\" data-e-type=\"section\">\n\t\t\t\t\t\t<div class=\"elementor-container elementor-column-gap-default\">\n\t\t\t\t\t<div class=\"has_eae_slider elementor-column elementor-col-33 elementor-top-column elementor-element elementor-element-ed5aa40 animated-slow elementor-invisible\" data-eae-slider=\"90441\" data-id=\"ed5aa40\" data-element_type=\"column\" data-e-type=\"column\" data-settings=\"{&quot;animation&quot;:&quot;fadeInUp&quot;}\">\n\t\t\t<div class=\"elementor-widget-wrap elementor-element-populated\">\n\t\t\t\t\t\t<div class=\"elementor-element elementor-element-c2a9df4 elementor-widget elementor-widget-image\" data-id=\"c2a9df4\" data-element_type=\"widget\" data-e-type=\"widget\" data-widget_type=\"image.default\">\n\t\t\t\t<div class=\"elementor-widget-container\">\n\t\t\t\t\t\t\t\t\t\t\t\t\t\t\t<img fetchpriority=\"high\" decoding=\"async\" width=\"2560\" height=\"2298\" src=\"https:\/\/schreinereiduss.ch\/wp-content\/uploads\/2021\/10\/ueber_uns-scaled.jpg\" class=\"attachment-full size-full wp-image-1554\" alt=\"\" srcset=\"https:\/\/schreinereiduss.ch\/wp-content\/uploads\/2021\/10\/ueber_uns-scaled.jpg 2560w, https:\/\/schreinereiduss.ch\/wp-content\/uploads\/2021\/10\/ueber_uns-300x269.jpg 300w, https:\/\/schreinereiduss.ch\/wp-content\/uploads\/2021\/10\/ueber_uns-1024x919.jpg 1024w, https:\/\/schreinereiduss.ch\/wp-content\/uploads\/2021\/10\/ueber_uns-768x689.jpg 768w, https:\/\/schreinereiduss.ch\/wp-content\/uploads\/2021\/10\/ueber_uns-1536x1379.jpg 1536w, https:\/\/schreinereiduss.ch\/wp-content\/uploads\/2021\/10\/ueber_uns-2048x1838.jpg 2048w\" sizes=\"(max-width: 2560px) 100vw, 2560px\" \/>\t\t\t\t\t\t\t\t\t\t\t\t\t\t\t<\/div>\n\t\t\t\t<\/div>\n\t\t\t\t\t<\/div>\n\t\t<\/div>\n\t\t\t\t<div class=\"has_eae_slider elementor-column elementor-col-33 elementor-top-column elementor-element elementor-element-228c78d\" data-eae-slider=\"96497\" data-id=\"228c78d\" data-element_type=\"column\" data-e-type=\"column\">\n\t\t\t<div class=\"elementor-widget-wrap\">\n\t\t\t\t\t\t\t<\/div>\n\t\t<\/div>\n\t\t\t\t<div class=\"has_eae_slider elementor-column elementor-col-33 elementor-top-column elementor-element elementor-element-8855f2d animated-slow elementor-invisible\" data-eae-slider=\"6796\" data-id=\"8855f2d\" data-element_type=\"column\" data-e-type=\"column\" data-settings=\"{&quot;animation&quot;:&quot;fadeInUp&quot;}\">\n\t\t\t<div class=\"elementor-widget-wrap elementor-element-populated\">\n\t\t\t\t\t\t<div class=\"elementor-element elementor-element-3d4e54f elementor-widget elementor-widget-text-editor\" data-id=\"3d4e54f\" data-element_type=\"widget\" data-e-type=\"widget\" data-widget_type=\"text-editor.default\">\n\t\t\t\t<div class=\"elementor-widget-container\">\n\t\t\t\t\t\t\t\t\t<p>Das sind wir!<\/p>\t\t\t\t\t\t\t\t<\/div>\n\t\t\t\t<\/div>\n\t\t\t\t<div class=\"elementor-element elementor-element-465f1e2 elementor-widget elementor-widget-heading\" data-id=\"465f1e2\" data-element_type=\"widget\" data-e-type=\"widget\" data-widget_type=\"heading.default\">\n\t\t\t\t<div class=\"elementor-widget-container\">\n\t\t\t\t\t<h2 class=\"elementor-heading-title elementor-size-default\">\u00dcber uns<\/h2>\t\t\t\t<\/div>\n\t\t\t\t<\/div>\n\t\t\t\t<div class=\"elementor-element elementor-element-2aeabd1 elementor-widget elementor-widget-text-editor\" data-id=\"2aeabd1\" data-element_type=\"widget\" data-e-type=\"widget\" data-widget_type=\"text-editor.default\">\n\t\t\t\t<div class=\"elementor-widget-container\">\n\t\t\t\t\t\t\t\t\t<p>Wir, Guido und Ursula Duss-Limacher, f\u00fchren den durch den Urgrossvater im Jahre 1893 gegr\u00fcndeten Schreinereibetrieb bereits in der vierten Generation als Familienbetrieb.<\/p><p>&#171;Langj\u00e4hrige Berufserfahrung und gute Lehrmeister waren meine Begleiter. Ich erlernte den Schreinerberuf in Ruswil und konnte anschliessend in anderen Schreinereien Erfahrungen sammeln. Im Jahr 1997 stieg ich in den elterlichen Betrieb ein. Per Ende 2009 trat mein Vater\u00a0 nach \u00fcber 40 Dienstjahren in seinen wohlverdienten Ruhestand. Sein grosses Fachwissen und der gute Draht zu vielen Kunden blieben mir bis zu seinem Tod im Jahre 2015 erhalten. Dank seinen Ideen und Pl\u00e4nen konnten wir im Jahre 1999 noch gemeinsam einen Neubau realisieren, in dem mir heute ein moderner und zeitgem\u00e4sser Maschinenpark zur Verf\u00fcgung steht.&#187;<\/p>\t\t\t\t\t\t\t\t<\/div>\n\t\t\t\t<\/div>\n\t\t\t\t<div class=\"elementor-element elementor-element-5a2515d elementor-hidden-mobile elementor-widget elementor-widget-button\" data-id=\"5a2515d\" data-element_type=\"widget\" data-e-type=\"widget\" data-widget_type=\"button.default\">\n\t\t\t\t<div class=\"elementor-widget-container\">\n\t\t\t\t\t\t\t\t\t<div class=\"elementor-button-wrapper\">\n\t\t\t\t\t<a class=\"elementor-button elementor-button-link elementor-size-sm elementor-animation-bob\" href=\"\/index.php\/kontakt\/\">\n\t\t\t\t\t\t<span class=\"elementor-button-content-wrapper\">\n\t\t\t\t\t\t\t\t\t<span class=\"elementor-button-text\">Kontaktieren Sie uns<\/span>\n\t\t\t\t\t<\/span>\n\t\t\t\t\t<\/a>\n\t\t\t\t<\/div>\n\t\t\t\t\t\t\t\t<\/div>\n\t\t\t\t<\/div>\n\t\t\t\t\t<\/div>\n\t\t<\/div>\n\t\t\t\t\t<\/div>\n\t\t<\/section>\n\t\t\t\t<\/div>\n\t\t","protected":false},"excerpt":{"rendered":"<p>Das sind wir! \u00dcber uns Das sind wir! \u00dcber uns Das sind wir! \u00dcber uns Wir, Guido und Ursula Duss-Limacher, f\u00fchren den durch den Urgrossvater im Jahre 1893 gegr\u00fcndeten Schreinereibetrieb bereits in der vierten Generation als Familienbetrieb. &#171;Langj\u00e4hrige Berufserfahrung und gute Lehrmeister waren meine Begleiter. Ich erlernte den Schreinerberuf in Ruswil und konnte anschliessend in [&hellip;]<\/p>\n","protected":false},"author":1,"featured_media":0,"parent":0,"menu_order":0,"comment_status":"closed","ping_status":"closed","template":"","meta":{"footnotes":""},"class_list":["post-257","page","type-page","status-publish","hentry"],"_links":{"self":[{"href":"https:\/\/schreinereiduss.ch\/index.php\/wp-json\/wp\/v2\/pages\/257","targetHints":{"allow":["GET"]}}],"collection":[{"href":"https:\/\/schreinereiduss.ch\/index.php\/wp-json\/wp\/v2\/pages"}],"about":[{"href":"https:\/\/schreinereiduss.ch\/index.php\/wp-json\/wp\/v2\/types\/page"}],"author":[{"embeddable":true,"href":"https:\/\/schreinereiduss.ch\/index.php\/wp-json\/wp\/v2\/users\/1"}],"replies":[{"embeddable":true,"href":"https:\/\/schreinereiduss.ch\/index.php\/wp-json\/wp\/v2\/comments?post=257"}],"version-history":[{"count":109,"href":"https:\/\/schreinereiduss.ch\/index.php\/wp-json\/wp\/v2\/pages\/257\/revisions"}],"predecessor-version":[{"id":2244,"href":"https:\/\/schreinereiduss.ch\/index.php\/wp-json\/wp\/v2\/pages\/257\/revisions\/2244"}],"wp:attachment":[{"href":"https:\/\/schreinereiduss.ch\/index.php\/wp-json\/wp\/v2\/media?parent=257"}],"curies":[{"name":"wp","href":"https:\/\/api.w.org\/{rel}","templated":true}]}}